{"id":5061,"date":"2024-02-26T09:09:44","date_gmt":"2024-02-26T06:09:44","guid":{"rendered":"https:\/\/osmanlica.web.tr\/?page_id=5061"},"modified":"2024-10-07T22:28:42","modified_gmt":"2024-10-07T19:28:42","slug":"osmanlica-kitaplar","status":"publish","type":"page","link":"https:\/\/osmanlica.web.tr\/?page_id=5061","title":{"rendered":"Osmanl\u0131ca Kitaplar"},"content":{"rendered":"\n<p><\/p>\n\n\n\n<p><\/p>\n\n\n\n<p class=\"has-text-align-right has-larger-font-size\">      <a href=\"https:\/\/osmanlica.web.tr\/kitaplar\/asayiMusa.pdf\">\u0639\u0635\u0627\u06cc \u0645\u0648\u0633\u06cc<\/a><br><a href=\"https:\/\/osmanlica.web.tr\/kitaplar\/yunusdivani.pdf\">\u06cc\u0646\u0648\u0633 \u062f\u06cc\u0648\u0627\u0646\u06cc<\/a><\/p>\n\n\n\n<p class=\"has-text-align-right has-regular-font-size\"><br><a href=\"https:\/\/osmanlica.web.tr\/kitaplar\/osmanlicasozluk.pdf\">osmanl\u0131ca s\u00f6zl\u00fck<br><\/a><\/p>\n\n\n\n<p><\/p>\n","protected":false},"excerpt":{"rendered":"<p>\u0639\u0635\u0627\u06cc \u0645\u0648\u0633\u06cc\u06cc\u0646\u0648\u0633 \u062f\u06cc\u0648\u0627\u0646\u06cc osmanl\u0131ca s\u00f6zl\u00fck<\/p>\n","protected":false},"author":1,"featured_media":0,"parent":0,"menu_order":0,"comment_status":"closed","ping_status":"closed","template":"","meta":{"iawp_total_views":280,"footnotes":""},"class_list":["post-5061","page","type-page","status-publish","hentry","entry"],"_links":{"self":[{"href":"https:\/\/osmanlica.web.tr\/index.php?rest_route=\/wp\/v2\/pages\/5061","targetHints":{"allow":["GET"]}}],"collection":[{"href":"https:\/\/osmanlica.web.tr\/index.php?rest_route=\/wp\/v2\/pages"}],"about":[{"href":"https:\/\/osmanlica.web.tr\/index.php?rest_route=\/wp\/v2\/types\/page"}],"author":[{"embeddable":true,"href":"https:\/\/osmanlica.web.tr\/index.php?rest_route=\/wp\/v2\/users\/1"}],"replies":[{"embeddable":true,"href":"https:\/\/osmanlica.web.tr\/index.php?rest_route=%2Fwp%2Fv2%2Fcomments&post=5061"}],"version-history":[{"count":5,"href":"https:\/\/osmanlica.web.tr\/index.php?rest_route=\/wp\/v2\/pages\/5061\/revisions"}],"predecessor-version":[{"id":6479,"href":"https:\/\/osmanlica.web.tr\/index.php?rest_route=\/wp\/v2\/pages\/5061\/revisions\/6479"}],"wp:attachment":[{"href":"https:\/\/osmanlica.web.tr\/index.php?rest_route=%2Fwp%2Fv2%2Fmedia&parent=5061"}],"curies":[{"name":"wp","href":"https:\/\/api.w.org\/{rel}","templated":true}]}}