{"id":4037,"date":"2024-01-13T09:33:52","date_gmt":"2024-01-13T06:33:52","guid":{"rendered":"https:\/\/osmanlica.web.tr\/?page_id=4037"},"modified":"2024-03-05T15:10:09","modified_gmt":"2024-03-05T12:10:09","slug":"osmanlicaya-basliyoruz","status":"publish","type":"page","link":"https:\/\/osmanlica.web.tr\/?page_id=4037","title":{"rendered":"Osmanl\u0131caya Ba\u015fl\u0131yoruz"},"content":{"rendered":"\n<p>Osman\u0131lca \u00f6\u011frenmeye ilk ad\u0131m i\u00e7in ba\u015fl\u0131yoruz. <br><br>Osmanl\u0131ca B\u0130N YILDIR KULLANDI\u011eIMIZ alfabemizdir. Yane yeni bir dil de\u011fildir. T\u00fcrk\u00e7e&#8217;mizin alfabesidir. Bin y\u0131ld\u0131r, milyonlarca ilm\u00ee, bilimsel, fenni ve ilim sahas\u0131ndaki ara\u015ft\u0131rmalara dayal\u0131 kitaplar\u0131n yaz\u0131ld\u0131\u011f\u0131 alfabemizdir. Bug\u00fcn bu da anla\u015f\u0131ls\u0131n ki, bu kitaplar b\u00fct\u00fcn d\u00fcnya bilim d\u00fcnyas\u0131na kaynak niteli\u011findedir. <\/p>\n\n\n\n<p>Ayr\u0131ca B\u0130N SENEYE yak\u0131n zaman b\u00fct\u00fcn yaz\u0131\u015fmalar yine bu alfabemiz ile yap\u0131lm\u0131\u015ft\u0131r. B\u00fct\u00fcn n\u00fcfus kay\u0131tlar\u0131, b\u00fct\u00fcn vergi defterleri ve dahi b\u00fct\u00fcn di\u011fer resmi medeniyet gereksinimleri, \u00fc\u00e7 k\u0131ta \u00fczerindeki b\u00fct\u00fcn haberle\u015fmeler &#8230;. b\u00fct\u00fcn askeri yaz\u0131\u015fmalar,  b\u00fct\u00fcn \u015ferhler izahlar,  a\u00e7\u0131klamalar, yol g\u00f6stermeler hep bu alfabe ile yap\u0131lm\u0131\u015ft\u0131r. <\/p>\n\n\n\n<p>K\u0131sacas\u0131 bu alfabede bizim haf\u0131zam\u0131z, bizim ge\u00e7mi\u015fimiz, bizim bilim tarihimiz, bizim medeniyyet \u0131\u015f\u0131\u011f\u0131m\u0131z\u0131n tarihi ve bizim b\u00fct\u00fcn manevi hayat\u0131m\u0131z\u0131n hazinelendi\u011fi, sakland\u0131\u011f\u0131, korundu\u011fu yaz\u0131\u015fmalar vard\u0131r. <br>Osmanl\u0131cada  Kur&#8217;andaki  gibi hareke kullan\u0131lmaz.  \u00c7ok gerekli yerler d\u0131\u015f\u0131nda okutucu harf dedi\u011fimiz EL\u0130F VAV YE HE harfleriyle seslendirilir.  Osmanl\u0131ca T\u00fcrk\u00e7esinde \u00fc\u00e7 ana unsur vard\u0131r. T\u00fcrk\u00e7e unsurlar, Arap\u00e7a unsurlar ve Farisi unsurlar.<br>T\u00fcrk\u00e7e unsurlar T\u00fcrk\u00e7e k\u00f6kenli kelimeler i\u00e7in kullan\u0131r\u0131z. Bu kelimelerde \u015eEDDE kullan\u0131lmaz. Harf tekrar\u0131 vard\u0131r.  <\/p>\n\n\n\n<p>\u015eimdi ba\u015flamak i\u00e7in \u00f6nce alttaki linkte e\u011fitim dosyalar\u0131m\u0131z\u0131 inceleyelim&#8230; <br>Tak\u0131ld\u0131\u011f\u0131n\u0131z yer olursa <a href=\"https:\/\/twitter.com\/OMuallimi\" target=\"_blank\" rel=\"noreferrer noopener\">Twitter X grubumuzdan<\/a> veya <a href=\"https:\/\/www.facebook.com\/groups\/nasilosmanlicaogrenirim\" target=\"_blank\" rel=\"noreferrer noopener\">Face gruplar\u0131m\u0131zdan<\/a> soru sorabilirsiniz. <br><br><a href=\"https:\/\/osmanlica.web.tr\/?p=79\">Osmanl\u0131ca e\u011fitim dosyalar\u0131m\u0131z<\/a> t\u0131klay\u0131n\u0131z <a href=\"https:\/\/osmanlica.web.tr\/?p=79\">>>>>>><\/a><br><br>Osmanl\u0131ca e\u011fitim dosyalar\u0131ndan sonra ikinci ad\u0131m olarak ;<br><a href=\"http:\/\/osmanlica.web.tr\/?p=40\" target=\"_blank\" rel=\"noreferrer noopener\">Arap\u00e7a unsurlara bir kez g\u00f6z atman\u0131z gerekir. <br><\/a><br>Daha sonra bol bol al\u0131\u015ft\u0131rma yap\u0131p kelime ve metin \u00e7\u00f6zmeniz gerekir. <br>Sitemizdeki<a href=\"http:\/\/osmanlica.web.tr\/?p=875\"> Elif Ba ile misalleri<\/a> ve <a href=\"http:\/\/osmanlica.web.tr\/?p=3666\">Resimli kelimeleri <\/a>inceleyebilirsiniz. <br><br>Ayr\u0131ca bolca sitemizde alt yaz\u0131l\u0131 basit metinler mevcuttur. <br><a href=\"http:\/\/osmanlica.web.tr\/?p=2049\">Alt Yaz\u0131l\u0131 Hadisler<\/a> &#8212;  <a href=\"http:\/\/osmanlica.web.tr\/?p=1812\">Alt Yaz\u0131l\u0131 Metinler (risalei nur)<\/a> &#8212;  <a href=\"http:\/\/osmanlica.web.tr\/?p=534\">Alt Yaz\u0131l\u0131 Metin -S\u00f6zler\u2019den-<\/a><br><\/p>\n\n\n\n<p>Ayr\u0131ca Osmanl\u0131ca unsurlar i\u00e7in ve takviye \u00f6rnekler i\u00e7in de b\u00f6l\u00fcmlerimiz mevcuttur. <br>Ad\u0131m ad\u0131m ilerleyece\u011fiz. <br><br>E\u011fitimle Alakal\u0131 B\u00fct\u00fcn K\u00f6pr\u00fcler a\u015fa\u011f\u0131dad\u0131r.<br><\/p>\n\n\n\n<ul class=\"wp-block-list\">\n<li><a href=\"http:\/\/osmanlica.web.tr\/?p=79\">E\u011fitim Ba\u015flang\u0131\u00e7<\/a><\/li>\n\n\n\n<li><a href=\"http:\/\/osmanlica.web.tr\/?p=40\">Arap\u00e7a Unsurlar<\/a><\/li>\n\n\n\n<li><a href=\"http:\/\/osmanlica.web.tr\/?p=875\">Elif Ba ile Misaller<\/a><\/li>\n\n\n\n<li><a href=\"http:\/\/osmanlica.web.tr\/?p=3666\">Resimli Osmanl\u0131ca Kelimeler<\/a><\/li>\n\n\n\n<li><a href=\"http:\/\/osmanlica.web.tr\/?p=2618\">Risalei Nur \u2013 ikili vecizeler \u2013<\/a><\/li>\n\n\n\n<li><a href=\"http:\/\/osmanlica.web.tr\/?p=2049\">Alt Yaz\u0131l\u0131 Hadisler<\/a><\/li>\n\n\n\n<li><a href=\"http:\/\/osmanlica.web.tr\/?p=1812\">Alt Yaz\u0131l\u0131 Metinler (risalei nur)<\/a><\/li>\n\n\n\n<li><a href=\"http:\/\/osmanlica.web.tr\/?p=1680\">Divani Matbu Rika kar\u015f\u0131la\u015ft\u0131rmal\u0131<\/a><\/li>\n\n\n\n<li><a href=\"http:\/\/osmanlica.web.tr\/?p=843\">Matbu Rika harflerle<\/a><\/li>\n\n\n\n<li><a href=\"http:\/\/osmanlica.web.tr\/?p=791\">Matbu Rika Kar\u015f\u0131la\u015ft\u0131rmal\u0131<\/a><\/li>\n\n\n\n<li><a href=\"http:\/\/osmanlica.web.tr\/?p=534\">Alt Yaz\u0131l\u0131 Metin -S\u00f6zler\u2019den-<\/a><\/li>\n\n\n\n<li><a href=\"http:\/\/osmanlica.web.tr\/?p=293\">Ata s\u00f6zleri<\/a><\/li>\n\n\n\n<li><a href=\"http:\/\/osmanlica.web.tr\/?p=260\">Matbu Rika Latin kar\u015f\u0131la\u015ft\u0131rmal\u0131<\/a><\/li>\n\n\n\n<li><a href=\"http:\/\/osmanlica.web.tr\/?p=4864\">Bir Kelime Bir Yorum<\/a><\/li>\n\n\n\n<li><a href=\"http:\/\/osmanlica.web.tr\/?p=4815\">Resimli Kelimeler ve C\u00fcmleler<\/a><\/li>\n\n\n\n<li><a href=\"http:\/\/osmanlica.web.tr\/?p=4273\">Kelimeler ve Tabirler<\/a><\/li>\n\n\n\n<li><a href=\"http:\/\/osmanlica.web.tr\/?p=2819\">Nas\u0131l Osmanl\u0131ca Yazabiliriz?<\/a><\/li>\n\n\n\n<li><\/li>\n<\/ul>\n","protected":false},"excerpt":{"rendered":"<p>Osman\u0131lca \u00f6\u011frenmeye ilk ad\u0131m i\u00e7in ba\u015fl\u0131yoruz. Osmanl\u0131ca B\u0130N YILDIR KULLANDI\u011eIMIZ alfabemizdir. Yane yeni bir dil de\u011fildir. T\u00fcrk\u00e7e&#8217;mizin alfabesidir. Bin y\u0131ld\u0131r, milyonlarca ilm\u00ee, bilimsel, fenni ve&#8230;<\/p>\n","protected":false},"author":1,"featured_media":4045,"parent":0,"menu_order":0,"comment_status":"closed","ping_status":"closed","template":"","meta":{"iawp_total_views":2128,"footnotes":""},"class_list":["post-4037","page","type-page","status-publish","has-post-thumbnail","hentry","entry"],"_links":{"self":[{"href":"https:\/\/osmanlica.web.tr\/index.php?rest_route=\/wp\/v2\/pages\/4037","targetHints":{"allow":["GET"]}}],"collection":[{"href":"https:\/\/osmanlica.web.tr\/index.php?rest_route=\/wp\/v2\/pages"}],"about":[{"href":"https:\/\/osmanlica.web.tr\/index.php?rest_route=\/wp\/v2\/types\/page"}],"author":[{"embeddable":true,"href":"https:\/\/osmanlica.web.tr\/index.php?rest_route=\/wp\/v2\/users\/1"}],"replies":[{"embeddable":true,"href":"https:\/\/osmanlica.web.tr\/index.php?rest_route=%2Fwp%2Fv2%2Fcomments&post=4037"}],"version-history":[{"count":10,"href":"https:\/\/osmanlica.web.tr\/index.php?rest_route=\/wp\/v2\/pages\/4037\/revisions"}],"predecessor-version":[{"id":5215,"href":"https:\/\/osmanlica.web.tr\/index.php?rest_route=\/wp\/v2\/pages\/4037\/revisions\/5215"}],"wp:featuredmedia":[{"embeddable":true,"href":"https:\/\/osmanlica.web.tr\/index.php?rest_route=\/wp\/v2\/media\/4045"}],"wp:attachment":[{"href":"https:\/\/osmanlica.web.tr\/index.php?rest_route=%2Fwp%2Fv2%2Fmedia&parent=4037"}],"curies":[{"name":"wp","href":"https:\/\/api.w.org\/{rel}","templated":true}]}}